{"id":1518,"date":"2024-02-15T15:47:50","date_gmt":"2024-02-15T14:47:50","guid":{"rendered":"https:\/\/famillejbernaert.be\/?page_id=1518"},"modified":"2024-02-27T13:13:16","modified_gmt":"2024-02-27T12:13:16","slug":"relations-avec-la-famille","status":"publish","type":"page","link":"https:\/\/famillejbernaert.be\/index.php\/relations-avec-la-famille\/","title":{"rendered":"Relations avec la famille"},"content":{"rendered":"<div class=\"fusion-fullwidth fullwidth-box fusion-builder-row-1 fusion-flex-container has-pattern-background has-mask-background nonhundred-percent-fullwidth non-hundred-percent-height-scrolling\" style=\"--awb-border-radius-top-left:0px;--awb-border-radius-top-right:0px;--awb-border-radius-bottom-right:0px;--awb-border-radius-bottom-left:0px;--awb-padding-top:120px;--awb-padding-bottom:100px;--awb-padding-top-medium:70px;--awb-padding-bottom-medium:70px;--awb-margin-bottom:0px;--awb-background-color:var(--awb-color1);--awb-flex-wrap:wrap;\" ><div class=\"fusion-builder-row fusion-row fusion-flex-align-items-flex-start fusion-flex-content-wrap\" style=\"max-width:calc( 1200px + 30px );margin-left: calc(-30px \/ 2 );margin-right: calc(-30px \/ 2 );\"><div class=\"fusion-layout-column fusion_builder_column fusion-builder-column-0 fusion-flex-column fusion-no-small-visibility\" style=\"--awb-bg-size:cover;--awb-width-large:13%;--awb-margin-top-large:0px;--awb-spacing-right-large:15px;--awb-margin-bottom-large:20px;--awb-spacing-left-large:15px;--awb-width-medium:13%;--awb-order-medium:0;--awb-spacing-right-medium:15px;--awb-spacing-left-medium:15px;--awb-width-small:100%;--awb-order-small:0;--awb-spacing-right-small:15px;--awb-spacing-left-small:15px;\"><div class=\"fusion-column-wrapper fusion-column-has-shadow fusion-flex-justify-content-flex-start fusion-content-layout-column\"><\/div><\/div><div class=\"fusion-layout-column fusion_builder_column fusion-builder-column-1 fusion-flex-column fusion-animated\" style=\"--awb-bg-size:cover;--awb-width-large:74%;--awb-margin-top-large:0px;--awb-spacing-right-large:15px;--awb-margin-bottom-large:70px;--awb-spacing-left-large:15px;--awb-width-medium:74%;--awb-order-medium:0;--awb-spacing-right-medium:15px;--awb-spacing-left-medium:15px;--awb-width-small:100%;--awb-order-small:0;--awb-spacing-right-small:15px;--awb-spacing-left-small:15px;\" data-animationType=\"fadeIn\" data-animationDuration=\"0.8\" data-animationOffset=\"top-into-view\"><div class=\"fusion-column-wrapper fusion-column-has-shadow fusion-flex-justify-content-flex-start fusion-content-layout-column\"><div class=\"fusion-title title fusion-title-1 fusion-sep-none fusion-title-center fusion-title-text fusion-title-size-two\" style=\"--awb-text-color:var(--awb-color5);--awb-margin-bottom:20px;\"><h2 class=\"fusion-title-heading title-heading-center\" style=\"margin:0;\"><p class=\"p1\"><span class=\"s1\">Relations avec la famille<\/span><\/p><\/h2><\/div><div class=\"fusion-text fusion-text-1\" style=\"--awb-content-alignment:center;--awb-letter-spacing:var(--awb-typography4-letter-spacing);--awb-margin-right:10%;--awb-margin-left:10%;\"><p class=\"p1\"><span class=\"s1\">Les contacts entre l\u2019enfant et sa famille sont d\u00e9finis lors de la mise en place du mandat au\u00a0 SAJ ou au SPJ. Ces contacts pourront \u00e9voluer par la suite en concertation avec l\u2019autorit\u00e9 de placement.<\/span><\/p>\n<p class=\"p1\"><span class=\"s1\">\u00a0<\/span><\/p>\n<\/div><\/div><\/div><div class=\"fusion-layout-column fusion_builder_column fusion-builder-column-2 fusion-flex-column fusion-no-small-visibility\" style=\"--awb-bg-size:cover;--awb-width-large:13%;--awb-margin-top-large:0px;--awb-spacing-right-large:15px;--awb-margin-bottom-large:20px;--awb-spacing-left-large:15px;--awb-width-medium:13%;--awb-order-medium:0;--awb-spacing-right-medium:15px;--awb-spacing-left-medium:15px;--awb-width-small:100%;--awb-order-small:0;--awb-spacing-right-small:15px;--awb-spacing-left-small:15px;\"><div class=\"fusion-column-wrapper fusion-column-has-shadow fusion-flex-justify-content-flex-start fusion-content-layout-column\"><\/div><\/div><div class=\"fusion-layout-column fusion_builder_column fusion-builder-column-3 fusion_builder_column_2_3 2_3 fusion-flex-column fusion-animated\" style=\"--awb-overflow:visible;--awb-bg-position:center center;--awb-bg-size:cover;--awb-border-radius:6px 6px 6px 6px;--awb-width-large:66.666666666667%;--awb-margin-top-large:0px;--awb-spacing-right-large:15px;--awb-margin-bottom-large:0px;--awb-spacing-left-large:15px;--awb-width-medium:33.333333333333%;--awb-order-medium:0;--awb-spacing-right-medium:15px;--awb-margin-bottom-medium:55px;--awb-spacing-left-medium:15px;--awb-width-small:100%;--awb-order-small:0;--awb-spacing-right-small:15px;--awb-margin-bottom-small:50px;--awb-spacing-left-small:15px;\" data-animationType=\"fadeInUp\" data-animationDuration=\"1.2\" data-animationDelay=\"0.3\" data-animationOffset=\"top-into-view\"><div class=\"fusion-column-wrapper fusion-column-has-shadow fusion-flex-justify-content-flex-start fusion-content-layout-column\"><div class=\"fusion-text fusion-text-2\" style=\"--awb-letter-spacing:var(--awb-typography4-letter-spacing);\"><p class=\"p1\"><span class=\"s1\"><b>Retours en famille<\/b><\/span><\/p>\n<p class=\"p1\"><span class=\"s1\">Le rythme et la dur\u00e9e varient d\u2019une situation \u00e0 l\u2019autre;\u00a0les retours peuvent \u00e9voluer d\u2019une visite en journ\u00e9e jusqu\u2019\u00e0 un retour du vendredi soir au lundi matin.<br \/>\n<\/span><\/p>\n<\/div><div class=\"fusion-text fusion-text-3\" style=\"--awb-letter-spacing:var(--awb-typography4-letter-spacing);\"><p class=\"p1\"><span class=\"s1\" style=\"color: #f1642b;\"><b>Horaires des d\u00e9parts et retours :<\/b><\/span><\/p>\n<ul class=\"ul1\">\n<li class=\"li2\"><span class=\"s1\">le vendredi :\u00a0\u00a0en fonction du rythme scolaire.<\/span><\/li>\n<li class=\"li2\"><span class=\"s1\">le samedi et le dimanche : avant 10h00 et apr\u00e8s 18h00.<\/span><\/li>\n<\/ul>\n<p class=\"p1\"><strong><span class=\"s1\">En p\u00e9riode de vacances scolaires:<\/span><\/strong><\/p>\n<ul class=\"ul1\">\n<li class=\"li2\"><span class=\"s1\">les d\u00e9parts et retours se feront id\u00e9alement avant 10h00 et apr\u00e8s 18h00 ou\u00a0en fonction de\u00a0l\u2019organisation de la journ\u00e9e.<\/span><\/li>\n<\/ul>\n<ul class=\"ul1\">\n<li class=\"li2\"><span class=\"s1\">des s\u00e9jours plus longs peuvent s\u2019organiser.<\/span><\/li>\n<\/ul>\n<p class=\"p1\"><span class=\"s1\">Si le week-end s\u2019accompagne d\u2019un jour f\u00e9ri\u00e9, le retour peut \u00eatre prolong\u00e9 sauf avis contraire de l\u2019autorit\u00e9 de placement.<\/span><\/p>\n<p><span style=\"color: #f1642b;\"><b>La famille prend en charge le transport de l\u2019enfant et en assume donc la responsabilit\u00e9.\u00a0<\/b><\/span><\/p>\n<p class=\"p1\"><span class=\"s1\">Si l\u2019enfant est pris en charge par une personne inhabituelle, les parents doivent fournir une autorisation \u00e9crite et sign\u00e9e.\u00a0 Sans cet accord, le retour de l\u2019enfant est suspendu. D\u00e8s son entr\u00e9e en secondaire, le jeune pourra \u00eatre amen\u00e9 \u00e0 utiliser seul les transports en commun.<\/span><\/p>\n<p>A partir de retours en week-end tous les quinze jours, la famille peut \u00eatre amen\u00e9e \u00e0 prendre\u00a0en charge le vestimentaire de l\u2019enfant durant les retours en week-end.<\/p>\n<p>L&rsquo;administration G\u00e9n\u00e9rale de l&rsquo;Aide \u00e0 la Jeunesse\u00a0pr\u00e9voit la possibilit\u00e9 de retours en famille \u00e0 raison de 120 jours ouvrables par ann\u00e9e civile et moins de 30 jours cons\u00e9cutifs.\u00a0\u00a0 Dans ce cas, l\u2019institution ristournera\u00a0 5\u00a0\u20ac \u00e0 la famille par p\u00e9riode de 24h00.<\/p>\n<\/div><\/div><\/div><div class=\"fusion-layout-column fusion_builder_column fusion-builder-column-4 fusion_builder_column_1_3 1_3 fusion-flex-column fusion-animated\" style=\"--awb-overflow:visible;--awb-bg-position:center center;--awb-bg-size:cover;--awb-border-radius:6px 6px 6px 6px;--awb-width-large:33.333333333333%;--awb-margin-top-large:0px;--awb-spacing-right-large:15px;--awb-margin-bottom-large:0px;--awb-spacing-left-large:15px;--awb-width-medium:33.333333333333%;--awb-order-medium:0;--awb-spacing-right-medium:15px;--awb-margin-bottom-medium:55px;--awb-spacing-left-medium:15px;--awb-width-small:100%;--awb-order-small:0;--awb-spacing-right-small:15px;--awb-margin-bottom-small:50px;--awb-spacing-left-small:15px;\" data-animationType=\"fadeInUp\" data-animationDuration=\"1.2\" data-animationDelay=\"0.3\" data-animationOffset=\"top-into-view\"><div class=\"fusion-column-wrapper fusion-column-has-shadow fusion-flex-justify-content-flex-start fusion-content-layout-column\"><div class=\"fusion-image-element \" style=\"--awb-aspect-ratio: 100 \/ 97;--awb-margin-bottom:30px;--awb-caption-title-font-family:var(--h2_typography-font-family);--awb-caption-title-font-weight:var(--h2_typography-font-weight);--awb-caption-title-font-style:var(--h2_typography-font-style);--awb-caption-title-size:var(--h2_typography-font-size);--awb-caption-title-transform:var(--h2_typography-text-transform);--awb-caption-title-line-height:var(--h2_typography-line-height);--awb-caption-title-letter-spacing:var(--h2_typography-letter-spacing);\"><span class=\" fusion-imageframe imageframe-none imageframe-1 hover-type-none has-aspect-ratio\" style=\"border:2px solid var(--awb-color3);border-radius:20px;\"><img decoding=\"async\" width=\"1024\" height=\"683\" title=\"retour-famille\" src=\"https:\/\/famillejbernaert.be\/wp-content\/uploads\/2024\/02\/retour-famille-scaled.jpg\" data-orig-src=\"https:\/\/famillejbernaert.be\/wp-content\/uploads\/2024\/02\/retour-famille-1024x683.jpg\" class=\"lazyload img-responsive wp-image-1529 img-with-aspect-ratio\" alt srcset=\"data:image\/svg+xml,%3Csvg%20xmlns%3D%27http%3A%2F%2Fwww.w3.org%2F2000%2Fsvg%27%20width%3D%272560%27%20height%3D%271707%27%20viewBox%3D%270%200%202560%201707%27%3E%3Crect%20width%3D%272560%27%20height%3D%271707%27%20fill-opacity%3D%220%22%2F%3E%3C%2Fsvg%3E\" data-srcset=\"https:\/\/famillejbernaert.be\/wp-content\/uploads\/2024\/02\/retour-famille-200x133.jpg 200w, https:\/\/famillejbernaert.be\/wp-content\/uploads\/2024\/02\/retour-famille-400x267.jpg 400w, https:\/\/famillejbernaert.be\/wp-content\/uploads\/2024\/02\/retour-famille-600x400.jpg 600w, https:\/\/famillejbernaert.be\/wp-content\/uploads\/2024\/02\/retour-famille-800x533.jpg 800w, https:\/\/famillejbernaert.be\/wp-content\/uploads\/2024\/02\/retour-famille-1200x800.jpg 1200w\" data-sizes=\"auto\" data-orig-sizes=\"(max-width: 640px) 100vw, 400px\" \/><\/span><\/div><\/div><\/div><\/div><\/div>\n","protected":false},"excerpt":{"rendered":"","protected":false},"author":2,"featured_media":0,"parent":0,"menu_order":0,"comment_status":"closed","ping_status":"closed","template":"100-width.php","meta":{"footnotes":""},"class_list":["post-1518","page","type-page","status-publish","hentry"],"_links":{"self":[{"href":"https:\/\/famillejbernaert.be\/index.php\/wp-json\/wp\/v2\/pages\/1518","targetHints":{"allow":["GET"]}}],"collection":[{"href":"https:\/\/famillejbernaert.be\/index.php\/wp-json\/wp\/v2\/pages"}],"about":[{"href":"https:\/\/famillejbernaert.be\/index.php\/wp-json\/wp\/v2\/types\/page"}],"author":[{"embeddable":true,"href":"https:\/\/famillejbernaert.be\/index.php\/wp-json\/wp\/v2\/users\/2"}],"replies":[{"embeddable":true,"href":"https:\/\/famillejbernaert.be\/index.php\/wp-json\/wp\/v2\/comments?post=1518"}],"version-history":[{"count":12,"href":"https:\/\/famillejbernaert.be\/index.php\/wp-json\/wp\/v2\/pages\/1518\/revisions"}],"predecessor-version":[{"id":1677,"href":"https:\/\/famillejbernaert.be\/index.php\/wp-json\/wp\/v2\/pages\/1518\/revisions\/1677"}],"wp:attachment":[{"href":"https:\/\/famillejbernaert.be\/index.php\/wp-json\/wp\/v2\/media?parent=1518"}],"curies":[{"name":"wp","href":"https:\/\/api.w.org\/{rel}","templated":true}]}}